{"id":976,"date":"2025-03-12T02:18:08","date_gmt":"2025-03-12T02:18:08","guid":{"rendered":"https:\/\/www.tlheatpress.com:8182\/?page_id=976"},"modified":"2025-11-26T02:07:55","modified_gmt":"2025-11-26T02:07:55","slug":"technical-support","status":"publish","type":"page","link":"https:\/\/www.free-optic.com\/de\/technical-support\/","title":{"rendered":"Technische Unterst\u00fctzung"},"content":{"rendered":"<div class=\"path_bar\">\n        <div class=\"layout\" style=\"margin:0 auto\">\n            <ul>\n                <li><a href=\"\/\">Startseite<\/a><\/li>\n                <!--\u9762\u5305\u5c51-->\n               <li><a href=\"\">Technische Unterst\u00fctzung<\/a><\/li>\n            <\/ul>\n        <\/div>\n    <\/div>\n\n\n\n<h1 class=\"wp-block-heading has-text-align-center sh h20 layout ch\" style=\"font-size:30px\"><strong>Technische Unterst\u00fctzung<\/strong><\/h1>\n\n\n\n<h2 class=\"wp-block-heading has-text-align-left layout bt pa\"><strong>Free Optic verf\u00fcgt \u00fcber ein engagiertes technisches Supportteam f\u00fcr jedes Laserger\u00e4t.<\/strong><\/h2>\n\n\n\n<p class=\"layout bt\">Im Durchschnitt mehr als 10 Jahre Erfahrung.<br>Erreichbarkeit rund um die Uhr (24\/7).<br>Anwendungsunterst\u00fctzung, Fehlersuche und Fehlerbehebung.<\/p>\n\n\n\n<h2 class=\"wp-block-heading layout bt\"><strong>Service und Unterst\u00fctzung:<\/strong><\/h2>\n\n\n\n<p class=\"has-text-align-left layout bt pa\">Tel: +86 022 81370773<br>E-Mail:&nbsp;<a href=\"mailto:admin@free-optic.com\">admin@free-optic.com<\/a><br>So k\u00f6nnen Sie Ihre Wiederherstellung beschleunigen. Halten Sie bei einer Serviceanforderung immer die Modell- und Seriennummer Ihres Ger\u00e4ts sowie alle Fehlermeldungen bereit.<\/p>\n\n\n\n<div class=\"layout sh t0\">\n\n    <div class=\"header_inquiry\"\n         style=\"display: flex; align-items: center; justify-content: center; height: 64vh; background-color: #f1f4f6; width: 100%;\">\n        <div id=\"header_inquiry-form\"\n             style=\"border:1px solid #bfbfbf; padding: 2em; padding-top:2.625em;width: 84%; background-color: #fff;\">\n            <div style=\"background-color: #013e5a; color: #fff; padding: 1em; border-radius: 5px; margin-bottom: 2em; text-align: center;\">\n                <h2 style=\"margin: 0; color: #fff;\">Hinterlassen Sie Ihre Nachricht<\/h2>\n            <\/div>\n            <form id=\"header_inquiry-form-content\" action=\"#\" method=\"post\" style=\"color: #666;\" data-trp-original-action=\"#\">\n                <input type=\"text\" name=\"title\" id=\"name\" placeholder=\"*Name...\" required\n style=\"width: 100%; padding: 1em; margin-bottom: 1em; box-sizing: border-box;\">\n                <input type=\"email\" name=\"email\" id=\"email\"\n                       placeholder=\"*E-Mail (Wir werden Ihnen innerhalb von 24 Stunden per E-Mail antworten)\" required\n style=\"width: 100%; padding: 1em; margin-bottom: 1em; box-sizing: border-box;\">\n                <input type=\"text\" name=\"telephone\" id=\"phone\" placeholder=\"*Telefon\/WhatsApp\/WeChat (sehr wichtig)\"\n                       pattern=\".*\\S.*\" required style=\"width: 100%; padding: 1em; margin-bottom: 1em; box-sizing: border-box;\">\n                <textarea name=\"message\" id=\"details\" rows=\"4\"\n                          placeholder=\"Geben Sie Kopfdetails wie Gr\u00f6\u00dfe, Farbe, Material usw. und andere spezifische Anforderungen ein, um ein genaues Angebot zu erhalten.\"\n                          style=\"width: 100%; padding: 1em; margin-bottom: 1em; box-sizing: border-box;\"><\/textarea>\n                <button id=\"send_form\" type=\"submit\"\n                        style=\"background-color: #f28808; color: #fff; padding: 1em 1.5em; border: none; border-radius: 3px; cursor: pointer; width: 100%;\">\n                    Senden Sie\n                <\/button>\n            <input type=\"hidden\" name=\"trp-form-language\" value=\"de\"\/><\/form>\n        <\/div>\n    <\/div>\n    \n\n<\/div>\n\n\n\n<style>\narticle p{\nline-height:1.8\n}\n.sh{\nmargin:30px auto 40px\n}\n\n.bt{\nmargin-bottom:30px\n\n}\n.t10{\nmargin-top:10px\n\n}\n<\/style>\n\n\n\n<style>\n@media screen and (max-width:981px){\n\n.h20{\nfont-size:20px!important\n}\n.bt0{\nmargin-bottom:0!important\n}\n.t0{\nmargin-top:0!important\n}\n}\n<\/style>\n\n\n\n<p><\/p>","protected":false},"excerpt":{"rendered":"<p>Home Technischer Support Technischer Support Free Optic verf\u00fcgt \u00fcber ein engagiertes technisches Supportteam f\u00fcr jedes Laserger\u00e4t. Durchschnittlich mehr als 10 Jahre Erfahrung. 24\/7 rund um die Uhr verf\u00fcgbar. Service und Unterst\u00fctzung: Tel: +86 022 81370773Email: admin@free-optic.comTo helfen Ihnen, Ihre Wiederherstellung zu beschleunigen. Halten Sie stets die Modell- und Seriennummer Ihres Ger\u00e4ts sowie alle Fehlermeldungen bereit [...]<\/p>","protected":false},"author":1,"featured_media":0,"parent":0,"menu_order":0,"comment_status":"closed","ping_status":"closed","template":"","meta":{"footnotes":""},"class_list":["post-976","page","type-page","status-publish","hentry"],"yoast_head":"<!-- This site is optimized with the Yoast SEO plugin v24.4 - https:\/\/yoast.com\/wordpress\/plugins\/seo\/ -->\n<title>Free Optic Laser equipment Technical Support - Free Optic Laser Marking Machines<\/title>\n<meta name=\"description\" content=\"Free Optic supply professional Laser equipment Technical Support , Welcome to contact us!\" \/>\n<meta name=\"robots\" content=\"index, follow, max-snippet:-1, max-image-preview:large, max-video-preview:-1\" \/>\n<link rel=\"canonical\" href=\"https:\/\/www.free-optic.com\/de\/technical-support\/\" \/>\n<meta property=\"og:locale\" content=\"de_DE\" \/>\n<meta property=\"og:type\" content=\"article\" \/>\n<meta property=\"og:title\" content=\"Free Optic Laser equipment Technical Support - Free Optic Laser Marking Machines\" \/>\n<meta property=\"og:description\" content=\"Free Optic supply professional Laser equipment Technical Support , Welcome to contact us!\" \/>\n<meta property=\"og:url\" content=\"https:\/\/www.free-optic.com\/de\/technical-support\/\" \/>\n<meta property=\"og:site_name\" content=\"Free Optic Laser Marking Machines\" \/>\n<meta property=\"article:modified_time\" content=\"2025-11-26T02:07:55+00:00\" \/>\n<meta name=\"twitter:card\" content=\"summary_large_image\" \/>\n<meta name=\"twitter:label1\" content=\"Est. reading time\" \/>\n\t<meta name=\"twitter:data1\" content=\"1\u00a0Minute\" \/>\n<script type=\"application\/ld+json\" class=\"yoast-schema-graph\">{\"@context\":\"https:\/\/schema.org\",\"@graph\":[{\"@type\":\"WebPage\",\"@id\":\"https:\/\/www.free-optic.com\/technical-support\/\",\"url\":\"https:\/\/www.free-optic.com\/technical-support\/\",\"name\":\"Free Optic Laser equipment Technical Support - Free Optic Laser Marking Machines\",\"isPartOf\":{\"@id\":\"https:\/\/www.free-optic.com\/#website\"},\"datePublished\":\"2025-03-12T02:18:08+00:00\",\"dateModified\":\"2025-11-26T02:07:55+00:00\",\"description\":\"Free Optic supply professional Laser equipment Technical Support , Welcome to contact us!\",\"breadcrumb\":{\"@id\":\"https:\/\/www.free-optic.com\/technical-support\/#breadcrumb\"},\"inLanguage\":\"de\",\"potentialAction\":[{\"@type\":\"ReadAction\",\"target\":[\"https:\/\/www.free-optic.com\/technical-support\/\"]}]},{\"@type\":\"BreadcrumbList\",\"@id\":\"https:\/\/www.free-optic.com\/technical-support\/#breadcrumb\",\"itemListElement\":[{\"@type\":\"ListItem\",\"position\":1,\"name\":\"Home\",\"item\":\"https:\/\/www.free-optic.com\/\"},{\"@type\":\"ListItem\",\"position\":2,\"name\":\"Technical Support\"}]},{\"@type\":\"WebSite\",\"@id\":\"https:\/\/www.free-optic.com\/#website\",\"url\":\"https:\/\/www.free-optic.com\/\",\"name\":\"Free Optic Laser Marking Machines\",\"description\":\"Tianjin Free Optic Photoelectric Technology Co., Ltd.\",\"publisher\":{\"@id\":\"https:\/\/www.free-optic.com\/#organization\"},\"potentialAction\":[{\"@type\":\"SearchAction\",\"target\":{\"@type\":\"EntryPoint\",\"urlTemplate\":\"https:\/\/www.free-optic.com\/?s={search_term_string}\"},\"query-input\":{\"@type\":\"PropertyValueSpecification\",\"valueRequired\":true,\"valueName\":\"search_term_string\"}}],\"inLanguage\":\"de\"},{\"@type\":\"Organization\",\"@id\":\"https:\/\/www.free-optic.com\/#organization\",\"name\":\"Tianjin Free Optic Photoelectric Technology Co.,Ltd.\",\"url\":\"https:\/\/www.free-optic.com\/\",\"logo\":{\"@type\":\"ImageObject\",\"inLanguage\":\"de\",\"@id\":\"https:\/\/www.free-optic.com\/#\/schema\/logo\/image\/\",\"url\":\"https:\/\/www.free-optic.com\/wp-content\/uploads\/2025\/11\/cropped-cropped-Free-Optic-Logo.webp\",\"contentUrl\":\"https:\/\/www.free-optic.com\/wp-content\/uploads\/2025\/11\/cropped-cropped-Free-Optic-Logo.webp\",\"width\":150,\"height\":50,\"caption\":\"Tianjin Free Optic Photoelectric Technology Co.,Ltd.\"},\"image\":{\"@id\":\"https:\/\/www.free-optic.com\/#\/schema\/logo\/image\/\"},\"sameAs\":[\"https:\/\/www.linkedin.com\/company\/freeoptic\",\"https:\/\/www.youtube.com\/@FreeOptic\"]}]}<\/script>\n<!-- \/ Yoast SEO plugin. -->","yoast_head_json":{"title":"Free Optic Laser equipment Technical Support - Free Optic Laser Marking Machines","description":"Free Optic supply professional Laser equipment Technical Support , Welcome to contact us!","robots":{"index":"index","follow":"follow","max-snippet":"max-snippet:-1","max-image-preview":"max-image-preview:large","max-video-preview":"max-video-preview:-1"},"canonical":"https:\/\/www.free-optic.com\/de\/technical-support\/","og_locale":"de_DE","og_type":"article","og_title":"Free Optic Laser equipment Technical Support - Free Optic Laser Marking Machines","og_description":"Free Optic supply professional Laser equipment Technical Support , Welcome to contact us!","og_url":"https:\/\/www.free-optic.com\/de\/technical-support\/","og_site_name":"Free Optic Laser Marking Machines","article_modified_time":"2025-11-26T02:07:55+00:00","twitter_card":"summary_large_image","twitter_misc":{"Est. reading time":"1\u00a0Minute"},"schema":{"@context":"https:\/\/schema.org","@graph":[{"@type":"WebPage","@id":"https:\/\/www.free-optic.com\/technical-support\/","url":"https:\/\/www.free-optic.com\/technical-support\/","name":"Free Optic Laser equipment Technical Support - Free Optic Laser Marking Machines","isPartOf":{"@id":"https:\/\/www.free-optic.com\/#website"},"datePublished":"2025-03-12T02:18:08+00:00","dateModified":"2025-11-26T02:07:55+00:00","description":"Free Optic supply professional Laser equipment Technical Support , Welcome to contact us!","breadcrumb":{"@id":"https:\/\/www.free-optic.com\/technical-support\/#breadcrumb"},"inLanguage":"de","potentialAction":[{"@type":"ReadAction","target":["https:\/\/www.free-optic.com\/technical-support\/"]}]},{"@type":"BreadcrumbList","@id":"https:\/\/www.free-optic.com\/technical-support\/#breadcrumb","itemListElement":[{"@type":"ListItem","position":1,"name":"Home","item":"https:\/\/www.free-optic.com\/"},{"@type":"ListItem","position":2,"name":"Technical Support"}]},{"@type":"WebSite","@id":"https:\/\/www.free-optic.com\/#website","url":"https:\/\/www.free-optic.com\/","name":"Free Optic Laser Marking Machines","description":"Tianjin Free Optic Photoelectric Technology Co., Ltd.","publisher":{"@id":"https:\/\/www.free-optic.com\/#organization"},"potentialAction":[{"@type":"SearchAction","target":{"@type":"EntryPoint","urlTemplate":"https:\/\/www.free-optic.com\/?s={search_term_string}"},"query-input":{"@type":"PropertyValueSpecification","valueRequired":true,"valueName":"search_term_string"}}],"inLanguage":"de"},{"@type":"Organization","@id":"https:\/\/www.free-optic.com\/#organization","name":"Tianjin Free Optic Photoelectric Technology Co.,Ltd.","url":"https:\/\/www.free-optic.com\/","logo":{"@type":"ImageObject","inLanguage":"de","@id":"https:\/\/www.free-optic.com\/#\/schema\/logo\/image\/","url":"https:\/\/www.free-optic.com\/wp-content\/uploads\/2025\/11\/cropped-cropped-Free-Optic-Logo.webp","contentUrl":"https:\/\/www.free-optic.com\/wp-content\/uploads\/2025\/11\/cropped-cropped-Free-Optic-Logo.webp","width":150,"height":50,"caption":"Tianjin Free Optic Photoelectric Technology Co.,Ltd."},"image":{"@id":"https:\/\/www.free-optic.com\/#\/schema\/logo\/image\/"},"sameAs":["https:\/\/www.linkedin.com\/company\/freeoptic","https:\/\/www.youtube.com\/@FreeOptic"]}]}},"_links":{"self":[{"href":"https:\/\/www.free-optic.com\/de\/wp-json\/wp\/v2\/pages\/976","targetHints":{"allow":["GET"]}}],"collection":[{"href":"https:\/\/www.free-optic.com\/de\/wp-json\/wp\/v2\/pages"}],"about":[{"href":"https:\/\/www.free-optic.com\/de\/wp-json\/wp\/v2\/types\/page"}],"author":[{"embeddable":true,"href":"https:\/\/www.free-optic.com\/de\/wp-json\/wp\/v2\/users\/1"}],"replies":[{"embeddable":true,"href":"https:\/\/www.free-optic.com\/de\/wp-json\/wp\/v2\/comments?post=976"}],"version-history":[{"count":84,"href":"https:\/\/www.free-optic.com\/de\/wp-json\/wp\/v2\/pages\/976\/revisions"}],"predecessor-version":[{"id":7296,"href":"https:\/\/www.free-optic.com\/de\/wp-json\/wp\/v2\/pages\/976\/revisions\/7296"}],"wp:attachment":[{"href":"https:\/\/www.free-optic.com\/de\/wp-json\/wp\/v2\/media?parent=976"}],"curies":[{"name":"wp","href":"https:\/\/api.w.org\/{rel}","templated":true}]}}